{"id":2823,"date":"2022-03-30T13:35:51","date_gmt":"2022-03-30T11:35:51","guid":{"rendered":"https:\/\/www.daldegan.it\/prodotti\/"},"modified":"2024-10-18T17:13:53","modified_gmt":"2024-10-18T15:13:53","slug":"prodotti","status":"publish","type":"page","link":"https:\/\/www.daldegan.it\/fr\/prodotti\/","title":{"rendered":"Produits"},"content":{"rendered":"\t\t<div data-elementor-type=\"wp-page\" data-elementor-id=\"2823\" class=\"elementor elementor-2823 elementor-804\">\n\t\t\t\t\t\t<section data-particle_enable=\"false\" data-particle-mobile-disabled=\"false\" class=\"elementor-section elementor-top-section elementor-element elementor-element-bcaaeec overlay-top elementor-section-boxed elementor-section-height-default elementor-section-height-default\" data-id=\"bcaaeec\" data-element_type=\"section\">\n\t\t\t\t\t\t\t<div class=\"elementor-background-overlay\"><\/div>\n\t\t\t\t\t\t\t<div class=\"elementor-container elementor-column-gap-no\">\n\t\t\t\t\t<div class=\"elementor-column elementor-col-50 elementor-top-column elementor-element elementor-element-88bfff4\" data-id=\"88bfff4\" data-element_type=\"column\">\n\t\t\t<div class=\"elementor-widget-wrap elementor-element-populated\">\n\t\t\t\t\t\t<div class=\"elementor-element elementor-element-791ab29 elementor-widget elementor-widget-heading\" data-id=\"791ab29\" data-element_type=\"widget\" data-widget_type=\"heading.default\">\n\t\t\t\t<div class=\"elementor-widget-container\">\n\t\t\t\t\t<h1 class=\"elementor-heading-title elementor-size-default\">La gamme compl\u00e8te<\/h1>\t\t\t\t<\/div>\n\t\t\t\t<\/div>\n\t\t\t\t<div class=\"elementor-element elementor-element-6b09f4b elementor-widget elementor-widget-text-editor\" data-id=\"6b09f4b\" data-element_type=\"widget\" data-widget_type=\"text-editor.default\">\n\t\t\t\t<div class=\"elementor-widget-container\">\n\t\t\t\t\t\t\t\t\t<strong>Les produits de la ligne Dal Degan se regroupent en deux cat\u00e9gories :<\/strong>\r\n\r\nLes <strong>ATOMISEURS<\/strong> et les <strong>GROUPES DE D\u00c9SINFECTION<\/strong> appartiennent \u00e0 la gamme <strong>\u00ab Agriculture \u00bb<\/strong>.\r\n\r\nNous proposons des solutions <strong>professionnelles et innovantes<\/strong> pour <strong>vergers, vignobles<\/strong> et bien d&rsquo;autres types de cultures adapt\u00e9es \u00e0 chaque espace et besoin. <strong>Des personnalisations et des options sont possibles<\/strong>, il est donc conseill\u00e9 de nous contacter directement pour une consultation technique.\r\n\r\n<strong>\u00ab Jardinage \u00bb<\/strong> est la ligne de <strong>PULV\u00c9RISATEURS<\/strong> manuels et motoris\u00e9s.\r\n\r\nLa gamme est adapt\u00e9e \u00e0 <strong>l&rsquo;entretien de la maison et du jardin<\/strong>, au contr\u00f4le des <strong>termites et des insectes<\/strong> ainsi qu&rsquo;\u00e0 de nombreux autres besoins quotidiens. Le d\u00e9veloppement continu des produits Dal Degan a conduit \u00e0 la cr\u00e9ation de <strong>chariots pulv\u00e9risateurs \u00e0 moteur \u00e9lectrique<\/strong>, de <strong>pulv\u00e9risateurs mont\u00e9s sur quad<\/strong> adapt\u00e9s \u00e0 l&rsquo;entretien des <strong>terrains de golf<\/strong>, ainsi que de <strong>plateformes \u00e9quip\u00e9es de pompes et de lances<\/strong> pour des pulv\u00e9risations \u00e0 haute pression destin\u00e9es \u00e0 la <strong>d\u00e9sinfection et au nettoyage urbain<\/strong>.\t\t\t\t\t\t\t\t<\/div>\n\t\t\t\t<\/div>\n\t\t\t\t\t<\/div>\n\t\t<\/div>\n\t\t\t\t<div class=\"elementor-column elementor-col-50 elementor-top-column elementor-element elementor-element-933ac56\" data-id=\"933ac56\" data-element_type=\"column\">\n\t\t\t<div class=\"elementor-widget-wrap elementor-element-populated\">\n\t\t\t\t\t\t<section data-particle_enable=\"false\" data-particle-mobile-disabled=\"false\" class=\"elementor-section elementor-inner-section elementor-element elementor-element-c46c627 elementor-section-full_width elementor-section-height-default elementor-section-height-default\" data-id=\"c46c627\" data-element_type=\"section\">\n\t\t\t\t\t\t<div class=\"elementor-container elementor-column-gap-default\">\n\t\t\t\t\t<div class=\"elementor-column elementor-col-50 elementor-inner-column elementor-element elementor-element-edf587e\" data-id=\"edf587e\" data-element_type=\"column\">\n\t\t\t<div class=\"elementor-widget-wrap elementor-element-populated\">\n\t\t\t\t\t\t<div class=\"elementor-element elementor-element-7ddb162 eael-infobox-content-align--center eael-infobox-shape-square eael-infobox-hover-img-shape-square elementor-widget elementor-widget-eael-info-box\" data-id=\"7ddb162\" data-element_type=\"widget\" data-widget_type=\"eael-info-box.default\">\n\t\t\t\t<div class=\"elementor-widget-container\">\n\t\t\t\t\t        <div class=\"eael-infobox icon-on-top\">\n\t            <div class=\"infobox-icon\">\n\n                            <img decoding=\"async\" src=\"https:\/\/www.daldegan.it\/wp-content\/uploads\/2023\/10\/Kronos-MN-front-scaled.jpg\" alt=\"\">\n            \n            \n            \n        <\/div>\n            <div class=\"infobox-content\">\n                <div class=\"infobox-button\">\n            <a class=\"eael-infobox-button\" href=\"\/fr\/agricolture\/\">\n                                                                                                        <img decoding=\"async\" class=\"eael_infobox_button_icon_left\" src=\"https:\/\/www.daldegan.it\/wp-content\/uploads\/2022\/02\/icona-agricoltura.svg\" alt=\"\" \/>\n                                                                            <span class=\"infobox-button-text\">Agricolture<\/span>\n                            <\/a>\n        <\/div>\n            <\/div>\n            <\/div>\n\n\t\t\t\t\t\t<\/div>\n\t\t\t\t<\/div>\n\t\t\t\t\t<\/div>\n\t\t<\/div>\n\t\t\t\t<div class=\"elementor-column elementor-col-50 elementor-inner-column elementor-element elementor-element-bd8da52\" data-id=\"bd8da52\" data-element_type=\"column\">\n\t\t\t<div class=\"elementor-widget-wrap elementor-element-populated\">\n\t\t\t\t\t\t<div class=\"elementor-element elementor-element-1304f90 eael-infobox-content-align--center eael-infobox-shape-square eael-infobox-hover-img-shape-square elementor-widget elementor-widget-eael-info-box\" data-id=\"1304f90\" data-element_type=\"widget\" data-widget_type=\"eael-info-box.default\">\n\t\t\t\t<div class=\"elementor-widget-container\">\n\t\t\t\t\t        <div class=\"eael-infobox icon-on-top\">\n\t            <div class=\"infobox-icon\">\n\n                            <img decoding=\"async\" src=\"https:\/\/www.daldegan.it\/wp-content\/uploads\/2023\/11\/Juliet-22.09.28-Dal-Degan-prodotti1998-scaled.jpg\" alt=\"\">\n            \n            \n            \n        <\/div>\n            <div class=\"infobox-content\">\n                <div class=\"infobox-button\">\n            <a class=\"eael-infobox-button\" href=\"\/fr\/Jardinage\/\">\n                                                                                                        <img decoding=\"async\" class=\"eael_infobox_button_icon_left\" src=\"https:\/\/www.daldegan.it\/wp-content\/uploads\/2022\/02\/icona-giardinaggio-prodotti.svg\" alt=\"\" \/>\n                                                                            <span class=\"infobox-button-text\">Jardinage<\/span>\n                            <\/a>\n        <\/div>\n            <\/div>\n            <\/div>\n\n\t\t\t\t\t\t<\/div>\n\t\t\t\t<\/div>\n\t\t\t\t<div class=\"elementor-element elementor-element-13ebd40 elementor-hidden-desktop elementor-hidden-tablet elementor-hidden-mobile eael-infobox-content-align--center eael-infobox-shape-square eael-infobox-hover-img-shape-square elementor-widget elementor-widget-eael-info-box\" data-id=\"13ebd40\" data-element_type=\"widget\" data-widget_type=\"eael-info-box.default\">\n\t\t\t\t<div class=\"elementor-widget-container\">\n\t\t\t\t\t        <div class=\"eael-infobox icon-on-top\">\n\t            <div class=\"infobox-icon\">\n\n                            <img decoding=\"async\" src=\"https:\/\/www.daldegan.it\/wp-content\/uploads\/2022\/02\/immagine-accessori-prodotti-1.jpg\" alt=\"\">\n            \n            \n            \n        <\/div>\n            <div class=\"infobox-content\">\n                <div class=\"infobox-button\">\n            <a class=\"eael-infobox-button\" href=\"\/fr\/Accessories%20\/\">\n                                                                                                        <img decoding=\"async\" class=\"eael_infobox_button_icon_left\" src=\"https:\/\/www.daldegan.it\/wp-content\/uploads\/2022\/02\/immagine-accessori-prodotti.svg\" alt=\"\" \/>\n                                                                            <span class=\"infobox-button-text\">Accessories<\/span>\n                            <\/a>\n        <\/div>\n            <\/div>\n            <\/div>\n\n\t\t\t\t\t\t<\/div>\n\t\t\t\t<\/div>\n\t\t\t\t\t<\/div>\n\t\t<\/div>\n\t\t\t\t\t<\/div>\n\t\t<\/section>\n\t\t\t\t\t<\/div>\n\t\t<\/div>\n\t\t\t\t\t<\/div>\n\t\t<\/section>\n\t\t\t\t<section data-particle_enable=\"false\" data-particle-mobile-disabled=\"false\" class=\"elementor-section elementor-top-section elementor-element elementor-element-46b82d9 elementor-hidden-desktop elementor-hidden-tablet elementor-hidden-mobile elementor-section-boxed elementor-section-height-default elementor-section-height-default\" data-id=\"46b82d9\" data-element_type=\"section\" data-settings=\"{&quot;background_background&quot;:&quot;classic&quot;}\">\n\t\t\t\t\t\t<div class=\"elementor-container elementor-column-gap-default\">\n\t\t\t\t\t<div class=\"elementor-column elementor-col-100 elementor-top-column elementor-element elementor-element-8f5c54e\" data-id=\"8f5c54e\" data-element_type=\"column\">\n\t\t\t<div class=\"elementor-widget-wrap elementor-element-populated\">\n\t\t\t\t\t\t<div class=\"elementor-element elementor-element-cbea0a0 elementor-widget elementor-widget-heading\" data-id=\"cbea0a0\" data-element_type=\"widget\" data-widget_type=\"heading.default\">\n\t\t\t\t<div class=\"elementor-widget-container\">\n\t\t\t\t\t<h2 class=\"elementor-heading-title elementor-size-default\">Nous aimons les cultures<\/h2>\t\t\t\t<\/div>\n\t\t\t\t<\/div>\n\t\t\t\t<div class=\"elementor-element elementor-element-76307c6 elementor-widget elementor-widget-text-editor\" data-id=\"76307c6\" data-element_type=\"widget\" data-widget_type=\"text-editor.default\">\n\t\t\t\t<div class=\"elementor-widget-container\">\n\t\t\t\t\t\t\t\t\t<p>Lisez les derniers articles sur notre blog<\/p>\n\t\t\t\t\t\t\t\t<\/div>\n\t\t\t\t<\/div>\n\t\t\t\t<div class=\"elementor-element elementor-element-a418943 elementor-grid-eael-col-3 elementor-grid-tablet-eael-col-2 elementor-grid-mobile-eael-col-1 elementor-widget elementor-widget-eael-post-grid\" data-id=\"a418943\" data-element_type=\"widget\" data-settings=\"{&quot;eael_post_grid_columns&quot;:&quot;eael-col-3&quot;,&quot;eael_post_grid_columns_tablet&quot;:&quot;eael-col-2&quot;,&quot;eael_post_grid_columns_mobile&quot;:&quot;eael-col-1&quot;}\" data-widget_type=\"eael-post-grid.default\">\n\t\t\t\t<div class=\"elementor-widget-container\">\n\t\t\t\t\t<div id=\"eael-post-grid-a418943\" class=\"eael-post-grid-container\">\n            <div class=\"eael-post-grid eael-post-appender eael-post-appender-a418943 eael-post-grid-style-one\" data-layout-mode=\"grid\"><p class=\"no-posts-found\">No posts found!<\/p><\/div>\n            <div class=\"clearfix\"><\/div>\n        <\/div>\t\t\t\t<\/div>\n\t\t\t\t<\/div>\n\t\t\t\t\t<\/div>\n\t\t<\/div>\n\t\t\t\t\t<\/div>\n\t\t<\/section>\n\t\t\t\t<\/div>\n\t\t","protected":false},"excerpt":{"rendered":"<p>La gamme compl\u00e8te Les produits de la ligne Dal Degan se regroupent en deux cat\u00e9gories : Les ATOMISEURS et les GROUPES DE D\u00c9SINFECTION appartiennent \u00e0 la gamme \u00ab Agriculture \u00bb. Nous proposons des solutions professionnelles et innovantes pour vergers, vignobles et bien d&rsquo;autres types de cultures adapt\u00e9es \u00e0 chaque espace et besoin. Des personnalisations et [&hellip;]<\/p>\n","protected":false},"author":10,"featured_media":0,"parent":0,"menu_order":190,"comment_status":"closed","ping_status":"closed","template":"elementor_header_footer","meta":{"footnotes":""},"class_list":["post-2823","page","type-page","status-publish","hentry"],"_links":{"self":[{"href":"https:\/\/www.daldegan.it\/fr\/wp-json\/wp\/v2\/pages\/2823","targetHints":{"allow":["GET"]}}],"collection":[{"href":"https:\/\/www.daldegan.it\/fr\/wp-json\/wp\/v2\/pages"}],"about":[{"href":"https:\/\/www.daldegan.it\/fr\/wp-json\/wp\/v2\/types\/page"}],"author":[{"embeddable":true,"href":"https:\/\/www.daldegan.it\/fr\/wp-json\/wp\/v2\/users\/10"}],"replies":[{"embeddable":true,"href":"https:\/\/www.daldegan.it\/fr\/wp-json\/wp\/v2\/comments?post=2823"}],"version-history":[{"count":6,"href":"https:\/\/www.daldegan.it\/fr\/wp-json\/wp\/v2\/pages\/2823\/revisions"}],"predecessor-version":[{"id":10887,"href":"https:\/\/www.daldegan.it\/fr\/wp-json\/wp\/v2\/pages\/2823\/revisions\/10887"}],"wp:attachment":[{"href":"https:\/\/www.daldegan.it\/fr\/wp-json\/wp\/v2\/media?parent=2823"}],"curies":[{"name":"wp","href":"https:\/\/api.w.org\/{rel}","templated":true}]}}