{"id":3978,"date":"2022-04-08T12:09:16","date_gmt":"2022-04-08T10:09:16","guid":{"rendered":"https:\/\/www.daldegan.it\/catalogos\/"},"modified":"2024-10-29T16:12:28","modified_gmt":"2024-10-29T15:12:28","slug":"catalogos","status":"publish","type":"page","link":"https:\/\/www.daldegan.it\/es\/catalogos\/","title":{"rendered":"Cat\u00e1logos"},"content":{"rendered":"\t\t<div data-elementor-type=\"wp-page\" data-elementor-id=\"3978\" class=\"elementor elementor-3978 elementor-546\">\n\t\t\t\t\t\t<section data-particle_enable=\"false\" data-particle-mobile-disabled=\"false\" class=\"elementor-section elementor-top-section elementor-element elementor-element-b65d940 overlay-top elementor-section-boxed elementor-section-height-default elementor-section-height-default\" data-id=\"b65d940\" data-element_type=\"section\">\n\t\t\t\t\t\t\t<div class=\"elementor-background-overlay\"><\/div>\n\t\t\t\t\t\t\t<div class=\"elementor-container elementor-column-gap-no\">\n\t\t\t\t\t<div class=\"elementor-column elementor-col-100 elementor-top-column elementor-element elementor-element-2ca7917\" data-id=\"2ca7917\" data-element_type=\"column\">\n\t\t\t<div class=\"elementor-widget-wrap elementor-element-populated\">\n\t\t\t\t\t\t<div class=\"elementor-element elementor-element-19b2ed0 elementor-widget elementor-widget-heading\" data-id=\"19b2ed0\" data-element_type=\"widget\" data-widget_type=\"heading.default\">\n\t\t\t\t<div class=\"elementor-widget-container\">\n\t\t\t\t\t<h1 class=\"elementor-heading-title elementor-size-default\">Nuestros cat\u00e1logos<\/h1>\t\t\t\t<\/div>\n\t\t\t\t<\/div>\n\t\t\t\t<div class=\"elementor-element elementor-element-e17dc9a elementor-widget elementor-widget-heading\" data-id=\"e17dc9a\" data-element_type=\"widget\" data-widget_type=\"heading.default\">\n\t\t\t\t<div class=\"elementor-widget-container\">\n\t\t\t\t\t<h5 class=\"elementor-heading-title elementor-size-default\">M\u00e1s informaci\u00f3n sobre las soluciones y los productos de Dal Degan<\/h5>\t\t\t\t<\/div>\n\t\t\t\t<\/div>\n\t\t\t\t\t<\/div>\n\t\t<\/div>\n\t\t\t\t\t<\/div>\n\t\t<\/section>\n\t\t\t\t<section data-particle_enable=\"false\" data-particle-mobile-disabled=\"false\" class=\"elementor-section elementor-top-section elementor-element elementor-element-42d1796 elementor-section-boxed elementor-section-height-default elementor-section-height-default\" data-id=\"42d1796\" data-element_type=\"section\">\n\t\t\t\t\t\t<div class=\"elementor-container elementor-column-gap-default\">\n\t\t\t\t\t<div class=\"elementor-column elementor-col-100 elementor-top-column elementor-element elementor-element-19ce1f3\" data-id=\"19ce1f3\" data-element_type=\"column\">\n\t\t\t<div class=\"elementor-widget-wrap elementor-element-populated\">\n\t\t\t\t\t\t<section data-particle_enable=\"false\" data-particle-mobile-disabled=\"false\" class=\"elementor-section elementor-inner-section elementor-element elementor-element-5e586ac elementor-section-full_width elementor-section-height-default elementor-section-height-default\" data-id=\"5e586ac\" data-element_type=\"section\">\n\t\t\t\t\t\t<div class=\"elementor-container elementor-column-gap-default\">\n\t\t\t\t\t<div class=\"elementor-column elementor-col-25 elementor-inner-column elementor-element elementor-element-1bd906e\" data-id=\"1bd906e\" data-element_type=\"column\">\n\t\t\t<div class=\"elementor-widget-wrap elementor-element-populated\">\n\t\t\t\t\t\t<div class=\"elementor-element elementor-element-db1816c elementor-widget elementor-widget-heading\" data-id=\"db1816c\" data-element_type=\"widget\" data-widget_type=\"heading.default\">\n\t\t\t\t<div class=\"elementor-widget-container\">\n\t\t\t\t\t<h2 class=\"elementor-heading-title elementor-size-default\"><a href=\"https:\/\/www.daldegan.it\/wp-content\/uploads\/2022\/06\/Sprayers.cat2022.pdf\">GARDENING CATALOGUE (ENG)<\/a><\/h2>\t\t\t\t<\/div>\n\t\t\t\t<\/div>\n\t\t\t\t<div class=\"elementor-element elementor-element-9a3be35 elementor-widget elementor-widget-image\" data-id=\"9a3be35\" data-element_type=\"widget\" data-widget_type=\"image.default\">\n\t\t\t\t<div class=\"elementor-widget-container\">\n\t\t\t\t\t\t\t\t\t\t\t\t\t\t\t\t<a href=\"https:\/\/www.daldegan.it\/wp-content\/uploads\/2022\/06\/Sprayers.cat2022.pdf\">\n\t\t\t\t\t\t\t<img fetchpriority=\"high\" decoding=\"async\" width=\"653\" height=\"876\" src=\"https:\/\/www.daldegan.it\/wp-content\/uploads\/2022\/06\/CAT.SPRAY_-1.png\" class=\"attachment-large size-large wp-image-5875\" alt=\"\" srcset=\"https:\/\/www.daldegan.it\/wp-content\/uploads\/2022\/06\/CAT.SPRAY_-1.png 653w, https:\/\/www.daldegan.it\/wp-content\/uploads\/2022\/06\/CAT.SPRAY_-1-224x300.png 224w\" sizes=\"(max-width: 653px) 100vw, 653px\" \/>\t\t\t\t\t\t\t\t<\/a>\n\t\t\t\t\t\t\t\t\t\t\t\t\t\t\t<\/div>\n\t\t\t\t<\/div>\n\t\t\t\t<div class=\"elementor-element elementor-element-1c9690a elementor-widget__width-auto elementor-widget elementor-widget-button\" data-id=\"1c9690a\" data-element_type=\"widget\" data-widget_type=\"button.default\">\n\t\t\t\t<div class=\"elementor-widget-container\">\n\t\t\t\t\t\t\t\t\t<div class=\"elementor-button-wrapper\">\n\t\t\t\t\t<a class=\"elementor-button elementor-button-link elementor-size-sm\" href=\"https:\/\/www.daldegan.it\/wp-content\/uploads\/2022\/06\/Sprayers.cat2022.pdf\" target=\"_blank\">\n\t\t\t\t\t\t<span class=\"elementor-button-content-wrapper\">\n\t\t\t\t\t\t\t\t\t<span class=\"elementor-button-text\">navegar<\/span>\n\t\t\t\t\t<\/span>\n\t\t\t\t\t<\/a>\n\t\t\t\t<\/div>\n\t\t\t\t\t\t\t\t<\/div>\n\t\t\t\t<\/div>\n\t\t\t\t<div class=\"elementor-element elementor-element-8bff0e1 elementor-widget__width-auto elementor-widget elementor-widget-button\" data-id=\"8bff0e1\" data-element_type=\"widget\" data-widget_type=\"button.default\">\n\t\t\t\t<div class=\"elementor-widget-container\">\n\t\t\t\t\t\t\t\t\t<div class=\"elementor-button-wrapper\">\n\t\t\t\t\t<a class=\"elementor-button elementor-button-link elementor-size-sm\" href=\"https:\/\/www.daldegan.it\/wp-content\/uploads\/2022\/06\/Sprayers.cat2022.pdf\" download=\"trainato-vtr\">\n\t\t\t\t\t\t<span class=\"elementor-button-content-wrapper\">\n\t\t\t\t\t\t<span class=\"elementor-button-icon\">\n\t\t\t\t<i aria-hidden=\"true\" class=\"fas fa-download\"><\/i>\t\t\t<\/span>\n\t\t\t\t\t\t\t\t<\/span>\n\t\t\t\t\t<\/a>\n\t\t\t\t<\/div>\n\t\t\t\t\t\t\t\t<\/div>\n\t\t\t\t<\/div>\n\t\t\t\t\t<\/div>\n\t\t<\/div>\n\t\t\t\t<div class=\"elementor-column elementor-col-25 elementor-inner-column elementor-element elementor-element-76e3e80\" data-id=\"76e3e80\" data-element_type=\"column\">\n\t\t\t<div class=\"elementor-widget-wrap elementor-element-populated\">\n\t\t\t\t\t\t<div class=\"elementor-element elementor-element-8e22759 elementor-widget elementor-widget-heading\" data-id=\"8e22759\" data-element_type=\"widget\" data-widget_type=\"heading.default\">\n\t\t\t\t<div class=\"elementor-widget-container\">\n\t\t\t\t\t<h2 class=\"elementor-heading-title elementor-size-default\">CATALOGO GIARDINAGGIO (IT)<\/h2>\t\t\t\t<\/div>\n\t\t\t\t<\/div>\n\t\t\t\t<div class=\"elementor-element elementor-element-d38c99c elementor-widget elementor-widget-image\" data-id=\"d38c99c\" data-element_type=\"widget\" data-widget_type=\"image.default\">\n\t\t\t\t<div class=\"elementor-widget-container\">\n\t\t\t\t\t\t\t\t\t\t\t\t\t\t\t<img decoding=\"async\" width=\"739\" height=\"1024\" src=\"https:\/\/www.daldegan.it\/wp-content\/uploads\/2024\/10\/immag-copertina-cat-giardi-739x1024.jpg\" class=\"attachment-large size-large wp-image-10703\" alt=\"\" srcset=\"https:\/\/www.daldegan.it\/wp-content\/uploads\/2024\/10\/immag-copertina-cat-giardi-739x1024.jpg 739w, https:\/\/www.daldegan.it\/wp-content\/uploads\/2024\/10\/immag-copertina-cat-giardi-217x300.jpg 217w, https:\/\/www.daldegan.it\/wp-content\/uploads\/2024\/10\/immag-copertina-cat-giardi-768x1064.jpg 768w, https:\/\/www.daldegan.it\/wp-content\/uploads\/2024\/10\/immag-copertina-cat-giardi.jpg 794w\" sizes=\"(max-width: 739px) 100vw, 739px\" \/>\t\t\t\t\t\t\t\t\t\t\t\t\t\t\t<\/div>\n\t\t\t\t<\/div>\n\t\t\t\t<div class=\"elementor-element elementor-element-29c3e36 elementor-widget__width-auto elementor-widget elementor-widget-button\" data-id=\"29c3e36\" data-element_type=\"widget\" data-widget_type=\"button.default\">\n\t\t\t\t<div class=\"elementor-widget-container\">\n\t\t\t\t\t\t\t\t\t<div class=\"elementor-button-wrapper\">\n\t\t\t\t\t<a class=\"elementor-button elementor-button-link elementor-size-sm\" href=\"https:\/\/www.daldegan.it\/wp-content\/uploads\/2024\/10\/CATALOGO-GIARDINAGGIO-ITALIA-.pdf\" target=\"_blank\">\n\t\t\t\t\t\t<span class=\"elementor-button-content-wrapper\">\n\t\t\t\t\t\t\t\t\t<span class=\"elementor-button-text\">navegar<\/span>\n\t\t\t\t\t<\/span>\n\t\t\t\t\t<\/a>\n\t\t\t\t<\/div>\n\t\t\t\t\t\t\t\t<\/div>\n\t\t\t\t<\/div>\n\t\t\t\t<div class=\"elementor-element elementor-element-b6e4290 elementor-widget__width-auto elementor-widget elementor-widget-button\" data-id=\"b6e4290\" data-element_type=\"widget\" data-widget_type=\"button.default\">\n\t\t\t\t<div class=\"elementor-widget-container\">\n\t\t\t\t\t\t\t\t\t<div class=\"elementor-button-wrapper\">\n\t\t\t\t\t<a class=\"elementor-button elementor-button-link elementor-size-sm\" href=\"https:\/\/www.daldegan.it\/wp-content\/uploads\/2024\/10\/CATALOGO-GIARDINAGGIO-ITALIA-.pdf\" download=\"trainato-vtr\">\n\t\t\t\t\t\t<span class=\"elementor-button-content-wrapper\">\n\t\t\t\t\t\t<span class=\"elementor-button-icon\">\n\t\t\t\t<i aria-hidden=\"true\" class=\"fas fa-download\"><\/i>\t\t\t<\/span>\n\t\t\t\t\t\t\t\t<\/span>\n\t\t\t\t\t<\/a>\n\t\t\t\t<\/div>\n\t\t\t\t\t\t\t\t<\/div>\n\t\t\t\t<\/div>\n\t\t\t\t\t<\/div>\n\t\t<\/div>\n\t\t\t\t<div class=\"elementor-column elementor-col-25 elementor-inner-column elementor-element elementor-element-4fb43ca\" data-id=\"4fb43ca\" data-element_type=\"column\">\n\t\t\t<div class=\"elementor-widget-wrap elementor-element-populated\">\n\t\t\t\t\t\t<div class=\"elementor-element elementor-element-5e5e7c5 elementor-widget elementor-widget-heading\" data-id=\"5e5e7c5\" data-element_type=\"widget\" data-widget_type=\"heading.default\">\n\t\t\t\t<div class=\"elementor-widget-container\">\n\t\t\t\t\t<h2 class=\"elementor-heading-title elementor-size-default\"> AGRICULTURE CATALOGUE (IT-ENG)<\/h2>\t\t\t\t<\/div>\n\t\t\t\t<\/div>\n\t\t\t\t<div class=\"elementor-element elementor-element-7e25bab elementor-widget elementor-widget-image\" data-id=\"7e25bab\" data-element_type=\"widget\" data-widget_type=\"image.default\">\n\t\t\t\t<div class=\"elementor-widget-container\">\n\t\t\t\t\t\t\t\t\t\t\t\t\t\t\t<img decoding=\"async\" width=\"739\" height=\"1024\" src=\"https:\/\/www.daldegan.it\/wp-content\/uploads\/2024\/10\/imm-copertina-cat-agricoltura-739x1024.jpg\" class=\"attachment-large size-large wp-image-10699\" alt=\"\" srcset=\"https:\/\/www.daldegan.it\/wp-content\/uploads\/2024\/10\/imm-copertina-cat-agricoltura-739x1024.jpg 739w, https:\/\/www.daldegan.it\/wp-content\/uploads\/2024\/10\/imm-copertina-cat-agricoltura-217x300.jpg 217w, https:\/\/www.daldegan.it\/wp-content\/uploads\/2024\/10\/imm-copertina-cat-agricoltura-768x1064.jpg 768w, https:\/\/www.daldegan.it\/wp-content\/uploads\/2024\/10\/imm-copertina-cat-agricoltura.jpg 794w\" sizes=\"(max-width: 739px) 100vw, 739px\" \/>\t\t\t\t\t\t\t\t\t\t\t\t\t\t\t<\/div>\n\t\t\t\t<\/div>\n\t\t\t\t<div class=\"elementor-element elementor-element-d6e889d elementor-widget__width-auto elementor-widget elementor-widget-button\" data-id=\"d6e889d\" data-element_type=\"widget\" data-widget_type=\"button.default\">\n\t\t\t\t<div class=\"elementor-widget-container\">\n\t\t\t\t\t\t\t\t\t<div class=\"elementor-button-wrapper\">\n\t\t\t\t\t<a class=\"elementor-button elementor-button-link elementor-size-sm\" href=\"https:\/\/www.daldegan.it\/wp-content\/uploads\/2024\/10\/CATALOGO-AGRI-2024.pdf\" target=\"_blank\">\n\t\t\t\t\t\t<span class=\"elementor-button-content-wrapper\">\n\t\t\t\t\t\t\t\t\t<span class=\"elementor-button-text\">navegar<\/span>\n\t\t\t\t\t<\/span>\n\t\t\t\t\t<\/a>\n\t\t\t\t<\/div>\n\t\t\t\t\t\t\t\t<\/div>\n\t\t\t\t<\/div>\n\t\t\t\t<div class=\"elementor-element elementor-element-08a5046 elementor-widget__width-auto elementor-widget elementor-widget-button\" data-id=\"08a5046\" data-element_type=\"widget\" data-widget_type=\"button.default\">\n\t\t\t\t<div class=\"elementor-widget-container\">\n\t\t\t\t\t\t\t\t\t<div class=\"elementor-button-wrapper\">\n\t\t\t\t\t<a class=\"elementor-button elementor-button-link elementor-size-sm\" href=\"https:\/\/www.daldegan.it\/wp-content\/uploads\/2024\/10\/CATALOGO-AGRI-2024.pdf\" download=\"trainato-vtr\">\n\t\t\t\t\t\t<span class=\"elementor-button-content-wrapper\">\n\t\t\t\t\t\t<span class=\"elementor-button-icon\">\n\t\t\t\t<i aria-hidden=\"true\" class=\"fas fa-download\"><\/i>\t\t\t<\/span>\n\t\t\t\t\t\t\t\t<\/span>\n\t\t\t\t\t<\/a>\n\t\t\t\t<\/div>\n\t\t\t\t\t\t\t\t<\/div>\n\t\t\t\t<\/div>\n\t\t\t\t\t<\/div>\n\t\t<\/div>\n\t\t\t\t<div class=\"elementor-column elementor-col-25 elementor-inner-column elementor-element elementor-element-838e7c1\" data-id=\"838e7c1\" data-element_type=\"column\">\n\t\t\t<div class=\"elementor-widget-wrap\">\n\t\t\t\t\t\t\t<\/div>\n\t\t<\/div>\n\t\t\t\t\t<\/div>\n\t\t<\/section>\n\t\t\t\t\t<\/div>\n\t\t<\/div>\n\t\t\t\t\t<\/div>\n\t\t<\/section>\n\t\t\t\t<\/div>\n\t\t","protected":false},"excerpt":{"rendered":"<p>Nuestros cat\u00e1logos M\u00e1s informaci\u00f3n sobre las soluciones y los productos de Dal Degan GARDENING CATALOGUE (ENG) navegar CATALOGO GIARDINAGGIO (IT) navegar AGRICULTURE CATALOGUE (IT-ENG) navegar<\/p>\n","protected":false},"author":10,"featured_media":0,"parent":0,"menu_order":226,"comment_status":"closed","ping_status":"closed","template":"elementor_header_footer","meta":{"footnotes":""},"class_list":["post-3978","page","type-page","status-publish","hentry"],"_links":{"self":[{"href":"https:\/\/www.daldegan.it\/es\/wp-json\/wp\/v2\/pages\/3978","targetHints":{"allow":["GET"]}}],"collection":[{"href":"https:\/\/www.daldegan.it\/es\/wp-json\/wp\/v2\/pages"}],"about":[{"href":"https:\/\/www.daldegan.it\/es\/wp-json\/wp\/v2\/types\/page"}],"author":[{"embeddable":true,"href":"https:\/\/www.daldegan.it\/es\/wp-json\/wp\/v2\/users\/10"}],"replies":[{"embeddable":true,"href":"https:\/\/www.daldegan.it\/es\/wp-json\/wp\/v2\/comments?post=3978"}],"version-history":[{"count":6,"href":"https:\/\/www.daldegan.it\/es\/wp-json\/wp\/v2\/pages\/3978\/revisions"}],"predecessor-version":[{"id":10939,"href":"https:\/\/www.daldegan.it\/es\/wp-json\/wp\/v2\/pages\/3978\/revisions\/10939"}],"wp:attachment":[{"href":"https:\/\/www.daldegan.it\/es\/wp-json\/wp\/v2\/media?parent=3978"}],"curies":[{"name":"wp","href":"https:\/\/api.w.org\/{rel}","templated":true}]}}