{"id":2833,"date":"2022-03-30T14:23:57","date_gmt":"2022-03-30T12:23:57","guid":{"rendered":"https:\/\/www.daldegan.it\/productos\/"},"modified":"2024-10-18T16:53:42","modified_gmt":"2024-10-18T14:53:42","slug":"productos","status":"publish","type":"page","link":"https:\/\/www.daldegan.it\/es\/productos\/","title":{"rendered":"Productos"},"content":{"rendered":"\t\t<div data-elementor-type=\"wp-page\" data-elementor-id=\"2833\" class=\"elementor elementor-2833 elementor-804\">\n\t\t\t\t\t\t<section data-particle_enable=\"false\" data-particle-mobile-disabled=\"false\" class=\"elementor-section elementor-top-section elementor-element elementor-element-bcaaeec overlay-top elementor-section-boxed elementor-section-height-default elementor-section-height-default\" data-id=\"bcaaeec\" data-element_type=\"section\">\n\t\t\t\t\t\t\t<div class=\"elementor-background-overlay\"><\/div>\n\t\t\t\t\t\t\t<div class=\"elementor-container elementor-column-gap-no\">\n\t\t\t\t\t<div class=\"elementor-column elementor-col-50 elementor-top-column elementor-element elementor-element-88bfff4\" data-id=\"88bfff4\" data-element_type=\"column\">\n\t\t\t<div class=\"elementor-widget-wrap elementor-element-populated\">\n\t\t\t\t\t\t<div class=\"elementor-element elementor-element-791ab29 elementor-widget elementor-widget-heading\" data-id=\"791ab29\" data-element_type=\"widget\" data-widget_type=\"heading.default\">\n\t\t\t\t<div class=\"elementor-widget-container\">\n\t\t\t\t\t<h1 class=\"elementor-heading-title elementor-size-default\">La produzione Dal Degan<\/h1>\t\t\t\t<\/div>\n\t\t\t\t<\/div>\n\t\t\t\t<div class=\"elementor-element elementor-element-6b09f4b elementor-widget elementor-widget-text-editor\" data-id=\"6b09f4b\" data-element_type=\"widget\" data-widget_type=\"text-editor.default\">\n\t\t\t\t<div class=\"elementor-widget-container\">\n\t\t\t\t\t\t\t\t\t<span style=\"font-weight: 400;\">Che tu abbia un piccolo giardino da curare amorevolmente, cos\u00ec come una grande realt\u00e0 agricola, <\/span><b>in Dal Degan troverai tutto ci\u00f2 che ti serve<\/b><span style=\"font-weight: 400;\">. Questo, assieme alla grande esperienza frutto di 150 anni di storia, alla sensibilit\u00e0 nel cogliere le reali esigenze della clientela, alla qualit\u00e0 sempre garantita di materiali e tecnologie, alla produzione realizzata nei nostri stabilimenti con la massima cura e precisione costruttiva, offre davvero <\/span><b>quanto di pi\u00f9 completo e performante esista nel settore<\/b><span style=\"font-weight: 400;\">.<\/span>\r\n\r\n<span style=\"font-weight: 400;\">Avere a fianco un partner produttivo come Dal Degan, permette di non subire gli alti e bassi del mercato nell\u2019acquisto di strumenti per la protezione delle colture, ma di avere la sicurezza di poter <\/span><b>contare su tecnologie e strumenti affidabili e qualitativamente eccellenti<\/b><span style=\"font-weight: 400;\">, senza dimenticare il nostro <\/span><b>supporto pre e post vendita<\/b><span style=\"font-weight: 400;\"> e <\/span><b>l\u2019assistenza costante<\/b><span style=\"font-weight: 400;\"> che non ti lascer\u00e0 mai solo.<\/span>\r\n\r\n<span style=\"font-weight: 400;\">La nostra produzione varia dai piccoli spruzzatori manuali con la portata inferiore a 1 litro, alle pompe a pressione da 6 a 8 litri, a spalla in plastica, rame e acciaio inox dai 6 ai 20 litri, fino alle moto pompe e ai carrelli da 65 a 150 litri, e a membrane da 20 a 60 bar. <\/span>\r\n\r\n<span style=\"font-weight: 400;\">Completano la gamma di prodotti Dal Degan le grandi macchine per l\u2019agricoltura, come gli atomizzatori portati da 300, 400 e 600 litri, e trainati da 800, 100 e 1500 litri, cosi come i gruppi diserbo portati da 300, 400, 600 e 800 litri con barre da 8, 10 e 12 metri. <\/span>\r\n\r\n<span style=\"font-weight: 400;\">Senza dimenticare i grandi gruppi trainati da 2000 e 3000 litri, con barra idraulica da 24 e 36 metri.<\/span>\t\t\t\t\t\t\t\t<\/div>\n\t\t\t\t<\/div>\n\t\t\t\t\t<\/div>\n\t\t<\/div>\n\t\t\t\t<div class=\"elementor-column elementor-col-50 elementor-top-column elementor-element elementor-element-933ac56\" data-id=\"933ac56\" data-element_type=\"column\">\n\t\t\t<div class=\"elementor-widget-wrap elementor-element-populated\">\n\t\t\t\t\t\t<section data-particle_enable=\"false\" data-particle-mobile-disabled=\"false\" class=\"elementor-section elementor-inner-section elementor-element elementor-element-c46c627 elementor-section-full_width elementor-section-height-default elementor-section-height-default\" data-id=\"c46c627\" data-element_type=\"section\">\n\t\t\t\t\t\t<div class=\"elementor-container elementor-column-gap-default\">\n\t\t\t\t\t<div class=\"elementor-column elementor-col-50 elementor-inner-column elementor-element elementor-element-edf587e\" data-id=\"edf587e\" data-element_type=\"column\">\n\t\t\t<div class=\"elementor-widget-wrap elementor-element-populated\">\n\t\t\t\t\t\t<div class=\"elementor-element elementor-element-7ddb162 eael-infobox-content-align--center eael-infobox-shape-square eael-infobox-hover-img-shape-square elementor-widget elementor-widget-eael-info-box\" data-id=\"7ddb162\" data-element_type=\"widget\" data-widget_type=\"eael-info-box.default\">\n\t\t\t\t<div class=\"elementor-widget-container\">\n\t\t\t\t\t        <div class=\"eael-infobox icon-on-top\">\n\t            <div class=\"infobox-icon\">\n\n                            <img decoding=\"async\" src=\"https:\/\/www.daldegan.it\/wp-content\/uploads\/2023\/10\/Kronos-MN-front-scaled.jpg\" alt=\"\">\n            \n            \n            \n        <\/div>\n            <div class=\"infobox-content\">\n                <div class=\"infobox-button\">\n            <a class=\"eael-infobox-button\" href=\"\/es\/agricoltura\/\">\n                                                                                                        <img decoding=\"async\" class=\"eael_infobox_button_icon_left\" src=\"https:\/\/www.daldegan.it\/wp-content\/uploads\/2022\/02\/icona-agricoltura.svg\" alt=\"\" \/>\n                                                                            <span class=\"infobox-button-text\">Agricultura<\/span>\n                            <\/a>\n        <\/div>\n            <\/div>\n            <\/div>\n\n\t\t\t\t\t\t<\/div>\n\t\t\t\t<\/div>\n\t\t\t\t\t<\/div>\n\t\t<\/div>\n\t\t\t\t<div class=\"elementor-column elementor-col-50 elementor-inner-column elementor-element elementor-element-bd8da52\" data-id=\"bd8da52\" data-element_type=\"column\">\n\t\t\t<div class=\"elementor-widget-wrap elementor-element-populated\">\n\t\t\t\t\t\t<div class=\"elementor-element elementor-element-1304f90 eael-infobox-content-align--center eael-infobox-shape-square eael-infobox-hover-img-shape-square elementor-widget elementor-widget-eael-info-box\" data-id=\"1304f90\" data-element_type=\"widget\" data-widget_type=\"eael-info-box.default\">\n\t\t\t\t<div class=\"elementor-widget-container\">\n\t\t\t\t\t        <div class=\"eael-infobox icon-on-top\">\n\t            <div class=\"infobox-icon\">\n\n                            <img decoding=\"async\" src=\"https:\/\/www.daldegan.it\/wp-content\/uploads\/2023\/11\/Juliet-22.09.28-Dal-Degan-prodotti1998-scaled.jpg\" alt=\"\">\n            \n            \n            \n        <\/div>\n            <div class=\"infobox-content\">\n                <div class=\"infobox-button\">\n            <a class=\"eael-infobox-button\" href=\"\/es\/Jardiner\u00eda\/\">\n                                                                                                        <img decoding=\"async\" class=\"eael_infobox_button_icon_left\" src=\"https:\/\/www.daldegan.it\/wp-content\/uploads\/2022\/02\/icona-giardinaggio-prodotti.svg\" alt=\"\" \/>\n                                                                            <span class=\"infobox-button-text\">Jardiner\u00eda<\/span>\n                            <\/a>\n        <\/div>\n            <\/div>\n            <\/div>\n\n\t\t\t\t\t\t<\/div>\n\t\t\t\t<\/div>\n\t\t\t\t<div class=\"elementor-element elementor-element-13ebd40 elementor-hidden-desktop elementor-hidden-tablet elementor-hidden-mobile eael-infobox-content-align--center eael-infobox-shape-square eael-infobox-hover-img-shape-square elementor-widget elementor-widget-eael-info-box\" data-id=\"13ebd40\" data-element_type=\"widget\" data-widget_type=\"eael-info-box.default\">\n\t\t\t\t<div class=\"elementor-widget-container\">\n\t\t\t\t\t        <div class=\"eael-infobox icon-on-top\">\n\t            <div class=\"infobox-icon\">\n\n                            <img decoding=\"async\" src=\"https:\/\/www.daldegan.it\/wp-content\/uploads\/2022\/02\/immagine-accessori-prodotti-1.jpg\" alt=\"\">\n            \n            \n            \n        <\/div>\n            <div class=\"infobox-content\">\n                <div class=\"infobox-button\">\n            <a class=\"eael-infobox-button\" href=\"\/es\/Accesorios\/\">\n                                                                                                        <img decoding=\"async\" class=\"eael_infobox_button_icon_left\" src=\"https:\/\/www.daldegan.it\/wp-content\/uploads\/2022\/02\/immagine-accessori-prodotti.svg\" alt=\"\" \/>\n                                                                            <span class=\"infobox-button-text\">Accesorios<\/span>\n                            <\/a>\n        <\/div>\n            <\/div>\n            <\/div>\n\n\t\t\t\t\t\t<\/div>\n\t\t\t\t<\/div>\n\t\t\t\t\t<\/div>\n\t\t<\/div>\n\t\t\t\t\t<\/div>\n\t\t<\/section>\n\t\t\t\t\t<\/div>\n\t\t<\/div>\n\t\t\t\t\t<\/div>\n\t\t<\/section>\n\t\t\t\t<section data-particle_enable=\"false\" data-particle-mobile-disabled=\"false\" class=\"elementor-section elementor-top-section elementor-element elementor-element-46b82d9 elementor-hidden-desktop elementor-hidden-tablet elementor-hidden-mobile elementor-section-boxed elementor-section-height-default elementor-section-height-default\" data-id=\"46b82d9\" data-element_type=\"section\" data-settings=\"{&quot;background_background&quot;:&quot;classic&quot;}\">\n\t\t\t\t\t\t<div class=\"elementor-container elementor-column-gap-default\">\n\t\t\t\t\t<div class=\"elementor-column elementor-col-100 elementor-top-column elementor-element elementor-element-8f5c54e\" data-id=\"8f5c54e\" data-element_type=\"column\">\n\t\t\t<div class=\"elementor-widget-wrap elementor-element-populated\">\n\t\t\t\t\t\t<div class=\"elementor-element elementor-element-cbea0a0 elementor-widget elementor-widget-heading\" data-id=\"cbea0a0\" data-element_type=\"widget\" data-widget_type=\"heading.default\">\n\t\t\t\t<div class=\"elementor-widget-container\">\n\t\t\t\t\t<h2 class=\"elementor-heading-title elementor-size-default\">Amamos los cultivos<\/h2>\t\t\t\t<\/div>\n\t\t\t\t<\/div>\n\t\t\t\t<div class=\"elementor-element elementor-element-76307c6 elementor-widget elementor-widget-text-editor\" data-id=\"76307c6\" data-element_type=\"widget\" data-widget_type=\"text-editor.default\">\n\t\t\t\t<div class=\"elementor-widget-container\">\n\t\t\t\t\t\t\t\t\t<p>Leggi gli ultimi articoli del nostro blog<\/p>\t\t\t\t\t\t\t\t<\/div>\n\t\t\t\t<\/div>\n\t\t\t\t<div class=\"elementor-element elementor-element-a418943 elementor-grid-eael-col-3 elementor-grid-tablet-eael-col-2 elementor-grid-mobile-eael-col-1 elementor-widget elementor-widget-eael-post-grid\" data-id=\"a418943\" data-element_type=\"widget\" data-settings=\"{&quot;eael_post_grid_columns&quot;:&quot;eael-col-3&quot;,&quot;eael_post_grid_columns_tablet&quot;:&quot;eael-col-2&quot;,&quot;eael_post_grid_columns_mobile&quot;:&quot;eael-col-1&quot;}\" data-widget_type=\"eael-post-grid.default\">\n\t\t\t\t<div class=\"elementor-widget-container\">\n\t\t\t\t\t<div id=\"eael-post-grid-a418943\" class=\"eael-post-grid-container\">\n            <div class=\"eael-post-grid eael-post-appender eael-post-appender-a418943 eael-post-grid-style-one\" data-layout-mode=\"grid\"><p class=\"no-posts-found\">\u00a1No se han encontrado entradas!<\/p><\/div>\n            <div class=\"clearfix\"><\/div>\n        <\/div>\t\t\t\t<\/div>\n\t\t\t\t<\/div>\n\t\t\t\t\t<\/div>\n\t\t<\/div>\n\t\t\t\t\t<\/div>\n\t\t<\/section>\n\t\t\t\t<\/div>\n\t\t","protected":false},"excerpt":{"rendered":"<p>La produzione Dal Degan Che tu abbia un piccolo giardino da curare amorevolmente, cos\u00ec come una grande realt\u00e0 agricola, in Dal Degan troverai tutto ci\u00f2 che ti serve. Questo, assieme alla grande esperienza frutto di 150 anni di storia, alla sensibilit\u00e0 nel cogliere le reali esigenze della clientela, alla qualit\u00e0 sempre garantita di materiali e [&hellip;]<\/p>\n","protected":false},"author":10,"featured_media":0,"parent":0,"menu_order":190,"comment_status":"closed","ping_status":"closed","template":"elementor_header_footer","meta":{"footnotes":""},"class_list":["post-2833","page","type-page","status-publish","hentry"],"_links":{"self":[{"href":"https:\/\/www.daldegan.it\/es\/wp-json\/wp\/v2\/pages\/2833","targetHints":{"allow":["GET"]}}],"collection":[{"href":"https:\/\/www.daldegan.it\/es\/wp-json\/wp\/v2\/pages"}],"about":[{"href":"https:\/\/www.daldegan.it\/es\/wp-json\/wp\/v2\/types\/page"}],"author":[{"embeddable":true,"href":"https:\/\/www.daldegan.it\/es\/wp-json\/wp\/v2\/users\/10"}],"replies":[{"embeddable":true,"href":"https:\/\/www.daldegan.it\/es\/wp-json\/wp\/v2\/comments?post=2833"}],"version-history":[{"count":3,"href":"https:\/\/www.daldegan.it\/es\/wp-json\/wp\/v2\/pages\/2833\/revisions"}],"predecessor-version":[{"id":10875,"href":"https:\/\/www.daldegan.it\/es\/wp-json\/wp\/v2\/pages\/2833\/revisions\/10875"}],"wp:attachment":[{"href":"https:\/\/www.daldegan.it\/es\/wp-json\/wp\/v2\/media?parent=2833"}],"curies":[{"name":"wp","href":"https:\/\/api.w.org\/{rel}","templated":true}]}}