{"id":1768,"date":"2021-02-23T09:52:28","date_gmt":"2021-02-23T08:52:28","guid":{"rendered":"https:\/\/www.daldegan.it\/homepage\/"},"modified":"2024-10-18T09:08:07","modified_gmt":"2024-10-18T07:08:07","slug":"homepage","status":"publish","type":"page","link":"https:\/\/www.daldegan.it\/es\/","title":{"rendered":"Home"},"content":{"rendered":"\t\t<div data-elementor-type=\"wp-page\" data-elementor-id=\"1768\" class=\"elementor elementor-1768 elementor-247\">\n\t\t\t\t\t\t<section data-particle_enable=\"false\" data-particle-mobile-disabled=\"false\" class=\"elementor-section elementor-top-section elementor-element elementor-element-daccedc elementor-section-full_width elementor-section-content-middle overlay-top elementor-reverse-mobile elementor-section-height-default elementor-section-height-default\" data-id=\"daccedc\" data-element_type=\"section\">\n\t\t\t\t\t\t\t<div class=\"elementor-background-overlay\"><\/div>\n\t\t\t\t\t\t\t<div class=\"elementor-container elementor-column-gap-no\">\n\t\t\t\t\t<div class=\"elementor-column elementor-col-50 elementor-top-column elementor-element elementor-element-1bc5f36 fullwidth-padding-left\" data-id=\"1bc5f36\" data-element_type=\"column\">\n\t\t\t<div class=\"elementor-widget-wrap elementor-element-populated\">\n\t\t\t\t\t\t<div class=\"elementor-element elementor-element-92ea5e7 elementor-widget elementor-widget-heading\" data-id=\"92ea5e7\" data-element_type=\"widget\" data-widget_type=\"heading.default\">\n\t\t\t\t<div class=\"elementor-widget-container\">\n\t\t\t\t\t<h1 class=\"elementor-heading-title elementor-size-default\">Dal Degan<\/h1>\t\t\t\t<\/div>\n\t\t\t\t<\/div>\n\t\t\t\t<div class=\"elementor-element elementor-element-fd0925e elementor-widget elementor-widget-text-editor\" data-id=\"fd0925e\" data-element_type=\"widget\" data-widget_type=\"text-editor.default\">\n\t\t\t\t<div class=\"elementor-widget-container\">\n\t\t\t\t\t\t\t\t\tLlevamos m\u00e1s de 150 a\u00f1os fabricando herramientas fiables, completas y de alta calidad para la protecci\u00f3n de cultivos.\t\t\t\t\t\t\t\t<\/div>\n\t\t\t\t<\/div>\n\t\t\t\t<div class=\"elementor-element elementor-element-86fd27e elementor-widget elementor-widget-text-editor\" data-id=\"86fd27e\" data-element_type=\"widget\" data-widget_type=\"text-editor.default\">\n\t\t\t\t<div class=\"elementor-widget-container\">\n\t\t\t\t\t\t\t\t\tSomos de los pocos en el mundo que combinan la producci\u00f3n de tecnolog\u00edas para uso dom\u00e9stico, dedicadas a la jardiner\u00eda, con m\u00e1quinas espec\u00edficas para uso en agricultura.\r\n\r\nTodos nuestros productos est\u00e1n dise\u00f1ados para ser funcionales sea cual sea su necesidad, desde la m\u00e1s simple hasta la m\u00e1s compleja, seleccionando solo la excelencia del Made in Italy, resultado de importantes asociaciones con marcas establecidas en el sector y proveedores de confianza.\t\t\t\t\t\t\t\t<\/div>\n\t\t\t\t<\/div>\n\t\t\t\t\t<\/div>\n\t\t<\/div>\n\t\t\t\t<div class=\"elementor-column elementor-col-50 elementor-top-column elementor-element elementor-element-59a7433\" data-id=\"59a7433\" data-element_type=\"column\" data-settings=\"{&quot;background_background&quot;:&quot;classic&quot;}\">\n\t\t\t<div class=\"elementor-widget-wrap elementor-element-populated\">\n\t\t\t\t\t\t<div class=\"elementor-element elementor-element-1dd679d elementor-widget elementor-widget-spacer\" data-id=\"1dd679d\" data-element_type=\"widget\" data-widget_type=\"spacer.default\">\n\t\t\t\t<div class=\"elementor-widget-container\">\n\t\t\t\t\t\t\t<div class=\"elementor-spacer\">\n\t\t\t<div class=\"elementor-spacer-inner\"><\/div>\n\t\t<\/div>\n\t\t\t\t\t\t<\/div>\n\t\t\t\t<\/div>\n\t\t\t\t\t<\/div>\n\t\t<\/div>\n\t\t\t\t\t<\/div>\n\t\t<\/section>\n\t\t\t\t<section data-particle_enable=\"false\" data-particle-mobile-disabled=\"false\" class=\"elementor-section elementor-top-section elementor-element elementor-element-f24ae72 elementor-section-boxed elementor-section-height-default elementor-section-height-default\" data-id=\"f24ae72\" data-element_type=\"section\" data-settings=\"{&quot;background_background&quot;:&quot;classic&quot;}\">\n\t\t\t\t\t\t<div class=\"elementor-container elementor-column-gap-default\">\n\t\t\t\t\t<div class=\"elementor-column elementor-col-25 elementor-top-column elementor-element elementor-element-543e7f2\" data-id=\"543e7f2\" data-element_type=\"column\">\n\t\t\t<div class=\"elementor-widget-wrap elementor-element-populated\">\n\t\t\t\t\t\t<div class=\"elementor-element elementor-element-3098a2d eael-infobox-content-align--left eael-infobox-shape-square eael-infobox-hover-img-shape-square elementor-widget elementor-widget-eael-info-box\" data-id=\"3098a2d\" data-element_type=\"widget\" data-widget_type=\"eael-info-box.default\">\n\t\t\t\t<div class=\"elementor-widget-container\">\n\t\t\t\t\t        <div class=\"eael-infobox icon-on-top\">\n\t            <div class=\"infobox-icon\">\n\n                            <img decoding=\"async\" src=\"https:\/\/www.daldegan.it\/wp-content\/uploads\/2022\/02\/icona-produzione.svg\" alt=\"\">\n            \n            \n            \n        <\/div>\n            <div class=\"infobox-content\">\n                    <div class=\"infobox-title-section\">\n                <h3 class=\"title\">PRODUCCI\u00d3N INTERNA<\/h3>            <\/div>\n            <div>Nuestra producci\u00f3n de maquinaria es exclusivamente interna: del gr\u00e1nulo de pl\u00e1stico, de hecho, llegamos al producto terminado, que luego se entrega de manera completa.\r\nTodo esto fue posible gracias a la decisi\u00f3n de invertir de manera pionera en el moldeado y soplado de pl\u00e1stico.<\/div>        <\/div>\n            <\/div>\n\n\t\t\t\t\t\t<\/div>\n\t\t\t\t<\/div>\n\t\t\t\t\t<\/div>\n\t\t<\/div>\n\t\t\t\t<div class=\"elementor-column elementor-col-25 elementor-top-column elementor-element elementor-element-77bdd2f\" data-id=\"77bdd2f\" data-element_type=\"column\">\n\t\t\t<div class=\"elementor-widget-wrap elementor-element-populated\">\n\t\t\t\t\t\t<div class=\"elementor-element elementor-element-9cc4a4c eael-infobox-content-align--left eael-infobox-shape-square eael-infobox-hover-img-shape-square elementor-widget elementor-widget-eael-info-box\" data-id=\"9cc4a4c\" data-element_type=\"widget\" data-widget_type=\"eael-info-box.default\">\n\t\t\t\t<div class=\"elementor-widget-container\">\n\t\t\t\t\t        <div class=\"eael-infobox icon-on-top\">\n\t            <div class=\"infobox-icon\">\n\n                            <img decoding=\"async\" src=\"https:\/\/www.daldegan.it\/wp-content\/uploads\/2022\/02\/icona-resistenza.svg\" alt=\"\">\n            \n            \n            \n        <\/div>\n            <div class=\"infobox-content\">\n                    <div class=\"infobox-title-section\">\n                <h3 class=\"title\">RESISTENCIA Y EFICIENCIA<\/h3>            <\/div>\n            <div>Los productos Dal Degan son duraderos en el tiempo, garantizan la m\u00e1xima eficiencia y aseguran un soporte completo, gracias a la amplia gama de soluciones propuestas, todas con est\u00e1ndares de calidad consolidados. Nuestro equipo de expertos prueba y aprueba cada uno de los componentes para ofrecerle solo lo mejor de la industria.<\/div>        <\/div>\n            <\/div>\n\n\t\t\t\t\t\t<\/div>\n\t\t\t\t<\/div>\n\t\t\t\t\t<\/div>\n\t\t<\/div>\n\t\t\t\t<div class=\"elementor-column elementor-col-25 elementor-top-column elementor-element elementor-element-6af1f6c\" data-id=\"6af1f6c\" data-element_type=\"column\">\n\t\t\t<div class=\"elementor-widget-wrap elementor-element-populated\">\n\t\t\t\t\t\t<div class=\"elementor-element elementor-element-61d67aa eael-infobox-content-align--left eael-infobox-shape-square eael-infobox-hover-img-shape-square elementor-widget elementor-widget-eael-info-box\" data-id=\"61d67aa\" data-element_type=\"widget\" data-widget_type=\"eael-info-box.default\">\n\t\t\t\t<div class=\"elementor-widget-container\">\n\t\t\t\t\t        <div class=\"eael-infobox icon-on-top\">\n\t            <div class=\"infobox-icon\">\n\n                            <img decoding=\"async\" src=\"https:\/\/www.daldegan.it\/wp-content\/uploads\/2022\/02\/icona-soluzioni.svg\" alt=\"\">\n            \n            \n            \n        <\/div>\n            <div class=\"infobox-content\">\n                    <div class=\"infobox-title-section\">\n                <h3 class=\"title\">SOLUCIONES PARA CADA NECESIDAD<\/h3>            <\/div>\n            <div>Una gran propensi\u00f3n a escuchar las necesidades individuales y una aguda sensibilidad para comprenderlas, adem\u00e1s de la r\u00e1pida resoluci\u00f3n de problemas, nos permite mejorar continuamente nuestra propuesta, al tiempo que establece relaciones duraderas con quienes eligen confiar en nosotros, en el nombre de esa honestidad y sencillez que siempre han sido nuestra firma.<\/div>        <\/div>\n            <\/div>\n\n\t\t\t\t\t\t<\/div>\n\t\t\t\t<\/div>\n\t\t\t\t\t<\/div>\n\t\t<\/div>\n\t\t\t\t<div class=\"elementor-column elementor-col-25 elementor-top-column elementor-element elementor-element-1b7e9da\" data-id=\"1b7e9da\" data-element_type=\"column\">\n\t\t\t<div class=\"elementor-widget-wrap elementor-element-populated\">\n\t\t\t\t\t\t<div class=\"elementor-element elementor-element-4f567a4 eael-infobox-content-align--left eael-infobox-shape-square eael-infobox-hover-img-shape-square elementor-widget elementor-widget-eael-info-box\" data-id=\"4f567a4\" data-element_type=\"widget\" data-widget_type=\"eael-info-box.default\">\n\t\t\t\t<div class=\"elementor-widget-container\">\n\t\t\t\t\t        <div class=\"eael-infobox icon-on-top\">\n\t            <div class=\"infobox-icon\">\n\n                            <img decoding=\"async\" src=\"https:\/\/www.daldegan.it\/wp-content\/uploads\/2022\/02\/icona-assistenza.svg\" alt=\"\">\n            \n            \n            \n        <\/div>\n            <div class=\"infobox-content\">\n                    <div class=\"infobox-title-section\">\n                <h3 class=\"title\">SERVICIO Y FLEXIBILIDAD<\/h3>            <\/div>\n            <div>La alta competencia dada por una fuerte historicidad, inversiones continuas para satisfacer mejor a nuestros clientes, gran flexibilidad, asistencia siempre garantizada y un valiente impulso hacia la innovaci\u00f3n, nos convierten hoy en los especialistas en pulverizaci\u00f3n, con la gama de soluciones m\u00e1s completas del mercado.<\/div>        <\/div>\n            <\/div>\n\n\t\t\t\t\t\t<\/div>\n\t\t\t\t<\/div>\n\t\t\t\t\t<\/div>\n\t\t<\/div>\n\t\t\t\t\t<\/div>\n\t\t<\/section>\n\t\t\t\t<section data-particle_enable=\"false\" data-particle-mobile-disabled=\"false\" class=\"elementor-section elementor-top-section elementor-element elementor-element-9cf66c6 elementor-section-content-middle overlay-top elementor-section-boxed elementor-section-height-default elementor-section-height-default\" data-id=\"9cf66c6\" data-element_type=\"section\">\n\t\t\t\t\t\t\t<div class=\"elementor-background-overlay\"><\/div>\n\t\t\t\t\t\t\t<div class=\"elementor-container elementor-column-gap-default\">\n\t\t\t\t\t<div class=\"elementor-column elementor-col-100 elementor-top-column elementor-element elementor-element-cb58845\" data-id=\"cb58845\" data-element_type=\"column\">\n\t\t\t<div class=\"elementor-widget-wrap elementor-element-populated\">\n\t\t\t\t\t\t<div class=\"elementor-element elementor-element-064faed elementor-widget elementor-widget-spacer\" data-id=\"064faed\" data-element_type=\"widget\" data-widget_type=\"spacer.default\">\n\t\t\t\t<div class=\"elementor-widget-container\">\n\t\t\t\t\t\t\t<div class=\"elementor-spacer\">\n\t\t\t<div class=\"elementor-spacer-inner\"><\/div>\n\t\t<\/div>\n\t\t\t\t\t\t<\/div>\n\t\t\t\t<\/div>\n\t\t\t\t<div class=\"elementor-element elementor-element-59fd2e9 elementor-widget elementor-widget-text-editor\" data-id=\"59fd2e9\" data-element_type=\"widget\" data-widget_type=\"text-editor.default\">\n\t\t\t\t<div class=\"elementor-widget-container\">\n\t\t\t\t\t\t\t\t\tEste es Dal Degan, esta es nuestra \u201cpuesta en marcha de 150 a\u00f1os\u201d.\r\nToda la fiabilidad y la competencia de una larga tradici\u00f3n se combinan con la energ\u00eda de aquellos que miran hacia el futuro para ofrecerle solo lo mejor de la industria.\t\t\t\t\t\t\t\t<\/div>\n\t\t\t\t<\/div>\n\t\t\t\t\t<\/div>\n\t\t<\/div>\n\t\t\t\t\t<\/div>\n\t\t<\/section>\n\t\t\t\t<section data-particle_enable=\"false\" data-particle-mobile-disabled=\"false\" class=\"elementor-section elementor-top-section elementor-element elementor-element-84dd6b7 elementor-section-full_width elementor-section-height-default elementor-section-height-default\" data-id=\"84dd6b7\" data-element_type=\"section\">\n\t\t\t\t\t\t<div class=\"elementor-container elementor-column-gap-default\">\n\t\t\t\t\t<div class=\"elementor-column elementor-col-100 elementor-top-column elementor-element elementor-element-9e07884\" data-id=\"9e07884\" data-element_type=\"column\">\n\t\t\t<div class=\"elementor-widget-wrap elementor-element-populated\">\n\t\t\t\t\t\t\t<\/div>\n\t\t<\/div>\n\t\t\t\t\t<\/div>\n\t\t<\/section>\n\t\t\t\t<section data-particle_enable=\"false\" data-particle-mobile-disabled=\"false\" class=\"elementor-section elementor-top-section elementor-element elementor-element-3780519 elementor-hidden-desktop elementor-hidden-tablet elementor-hidden-mobile elementor-section-boxed elementor-section-height-default elementor-section-height-default\" data-id=\"3780519\" data-element_type=\"section\" data-settings=\"{&quot;background_background&quot;:&quot;classic&quot;}\">\n\t\t\t\t\t\t<div class=\"elementor-container elementor-column-gap-default\">\n\t\t\t\t\t<div class=\"elementor-column elementor-col-100 elementor-top-column elementor-element elementor-element-a9455a9\" data-id=\"a9455a9\" data-element_type=\"column\">\n\t\t\t<div class=\"elementor-widget-wrap elementor-element-populated\">\n\t\t\t\t\t\t<div class=\"elementor-element elementor-element-a6f8139 elementor-widget elementor-widget-heading\" data-id=\"a6f8139\" data-element_type=\"widget\" data-widget_type=\"heading.default\">\n\t\t\t\t<div class=\"elementor-widget-container\">\n\t\t\t\t\t<h2 class=\"elementor-heading-title elementor-size-default\">Amamos los cultivos<\/h2>\t\t\t\t<\/div>\n\t\t\t\t<\/div>\n\t\t\t\t<div class=\"elementor-element elementor-element-80dc6bc elementor-widget elementor-widget-text-editor\" data-id=\"80dc6bc\" data-element_type=\"widget\" data-widget_type=\"text-editor.default\">\n\t\t\t\t<div class=\"elementor-widget-container\">\n\t\t\t\t\t\t\t\t\tLea los \u00faltimos art\u00edculos en nuestro blog\t\t\t\t\t\t\t\t<\/div>\n\t\t\t\t<\/div>\n\t\t\t\t<div class=\"elementor-element elementor-element-aa2bfa0 elementor-grid-eael-col-3 elementor-grid-tablet-eael-col-2 elementor-grid-mobile-eael-col-1 elementor-widget elementor-widget-eael-post-grid\" data-id=\"aa2bfa0\" data-element_type=\"widget\" data-settings=\"{&quot;eael_post_grid_columns&quot;:&quot;eael-col-3&quot;,&quot;eael_post_grid_columns_tablet&quot;:&quot;eael-col-2&quot;,&quot;eael_post_grid_columns_mobile&quot;:&quot;eael-col-1&quot;}\" data-widget_type=\"eael-post-grid.default\">\n\t\t\t\t<div class=\"elementor-widget-container\">\n\t\t\t\t\t<div id=\"eael-post-grid-aa2bfa0\" class=\"eael-post-grid-container\">\n            <div class=\"eael-post-grid eael-post-appender eael-post-appender-aa2bfa0 eael-post-grid-style-one\" data-layout-mode=\"grid\"><p class=\"no-posts-found\">\u00a1No se han encontrado entradas!<\/p><\/div>\n            <div class=\"clearfix\"><\/div>\n        <\/div>\t\t\t\t<\/div>\n\t\t\t\t<\/div>\n\t\t\t\t\t<\/div>\n\t\t<\/div>\n\t\t\t\t\t<\/div>\n\t\t<\/section>\n\t\t\t\t<\/div>\n\t\t","protected":false},"excerpt":{"rendered":"<p>Dal Degan Llevamos m\u00e1s de 150 a\u00f1os fabricando herramientas fiables, completas y de alta calidad para la protecci\u00f3n de cultivos.Somos de los pocos en el mundo que combinan la producci\u00f3n de tecnolog\u00edas para uso dom\u00e9stico, dedicadas a la jardiner\u00eda, con m\u00e1quinas espec\u00edficas para uso en agricultura. Todos nuestros productos est\u00e1n dise\u00f1ados para ser funcionales sea [&hellip;]<\/p>\n","protected":false},"author":10,"featured_media":0,"parent":0,"menu_order":271,"comment_status":"closed","ping_status":"closed","template":"elementor_header_footer","meta":{"footnotes":""},"class_list":["post-1768","page","type-page","status-publish","hentry"],"_links":{"self":[{"href":"https:\/\/www.daldegan.it\/es\/wp-json\/wp\/v2\/pages\/1768","targetHints":{"allow":["GET"]}}],"collection":[{"href":"https:\/\/www.daldegan.it\/es\/wp-json\/wp\/v2\/pages"}],"about":[{"href":"https:\/\/www.daldegan.it\/es\/wp-json\/wp\/v2\/types\/page"}],"author":[{"embeddable":true,"href":"https:\/\/www.daldegan.it\/es\/wp-json\/wp\/v2\/users\/10"}],"replies":[{"embeddable":true,"href":"https:\/\/www.daldegan.it\/es\/wp-json\/wp\/v2\/comments?post=1768"}],"version-history":[{"count":7,"href":"https:\/\/www.daldegan.it\/es\/wp-json\/wp\/v2\/pages\/1768\/revisions"}],"predecessor-version":[{"id":10691,"href":"https:\/\/www.daldegan.it\/es\/wp-json\/wp\/v2\/pages\/1768\/revisions\/10691"}],"wp:attachment":[{"href":"https:\/\/www.daldegan.it\/es\/wp-json\/wp\/v2\/media?parent=1768"}],"curies":[{"name":"wp","href":"https:\/\/api.w.org\/{rel}","templated":true}]}}